{"id":12729,"date":"2023-06-16T15:08:41","date_gmt":"2023-06-16T11:08:41","guid":{"rendered":"https:\/\/trivia.design\/?post_type=product&#038;p=12729"},"modified":"2023-06-29T13:49:54","modified_gmt":"2023-06-29T09:49:54","slug":"%d5%a1%d5%b6%d5%af%d5%b8%d5%b2%d5%b6%d5%a1%d5%b5%d5%ab%d5%b6-%d5%bd%d5%ba%d5%ab%d5%bf%d5%a1%d5%af%d5%a5%d5%b2%d5%a5%d5%b6%d5%ab-%d5%bd%d5%a1%d5%bf%d5%ab%d5%b6%d5%a5-%d5%b0%d5%a1%d5%be%d5%a1%d6%84","status":"publish","type":"product","link":"https:\/\/trivia.design\/hy\/product\/%d5%a1%d5%b6%d5%af%d5%b8%d5%b2%d5%b6%d5%a1%d5%b5%d5%ab%d5%b6-%d5%bd%d5%ba%d5%ab%d5%bf%d5%a1%d5%af%d5%a5%d5%b2%d5%a5%d5%b6%d5%ab-%d5%bd%d5%a1%d5%bf%d5%ab%d5%b6%d5%a5-%d5%b0%d5%a1%d5%be%d5%a1%d6%84\/","title":{"rendered":"\u0531\u0576\u056f\u0578\u0572\u0576\u0561\u0575\u056b\u0576 \u057d\u057a\u056b\u057f\u0561\u056f\u0565\u0572\u0565\u0576\u056b \u057d\u0561\u057f\u056b\u0576\u0565 \u0570\u0561\u057e\u0561\u0584\u0561\u056e\u0578\u0582 Purity Virhome"},"content":{"rendered":"<div class=\"wpb-content-wrapper\"><p>[vc_row equal_height=&#8221;yes&#8221; content_placement=&#8221;top&#8221;][vc_column width=&#8221;1\/3&#8243; css=&#8221;.vc_custom_1635941267568{margin-bottom: 35px !important;padding-right: 30px !important;padding-bottom: 30px !important;padding-left: 30px !important;}&#8221; offset=&#8221;vc_col-lg-4 vc_col-md-4 vc_col-xs-12&#8243; woodmart_css_id=&#8221;61827b8e5abdf&#8221; parallax_scroll=&#8221;no&#8221; woodmart_sticky_column=&#8221;false&#8221; wd_collapsible_content_switcher=&#8221;no&#8221; mobile_bg_img_hidden=&#8221;no&#8221; tablet_bg_img_hidden=&#8221;no&#8221; woodmart_parallax=&#8221;0&#8243; woodmart_box_shadow=&#8221;no&#8221; mobile_reset_margin=&#8221;no&#8221; tablet_reset_margin=&#8221;no&#8221; wd_z_index=&#8221;no&#8221; responsive_spacing=&#8221;eyJwYXJhbV90eXBlIjoid29vZG1hcnRfcmVzcG9uc2l2ZV9zcGFjaW5nIiwic2VsZWN0b3JfaWQiOiI2MTgyN2I4ZTVhYmRmIiwic2hvcnRjb2RlIjoidmNfY29sdW1uIiwiZGF0YSI6eyJ0YWJsZXQiOnt9LCJtb2JpbGUiOnt9fX0=&#8221;]\n\t\t<div id=\"wd-649c041b87d0f\" class=\"title-wrapper wd-wpb set-mb-s reset-last-child  wd-rs-649c041b87d0f wd-title-color-default wd-title-style-default text-left  wd-underline-colored\">\n\t\t\t\t\t\t\t<div class=\"title-subtitle  subtitle-color-default font-default subtitle-style-default wd-font-weight- wd-fontsize-xs\">\u0532\u0578\u056c\u0578\u0580 \u056f\u0561\u0580\u056b\u0584\u0576\u0565\u0580\u056b \u0570\u0561\u0574\u0561\u0580<\/div>\n\t\t\t\n\t\t\t<div class=\"liner-continer\">\n\t\t\t\t<h4 class=\"woodmart-title-container title  wd-font-weight- wd-fontsize-l\" >\u0531\u0576\u056f\u0578\u0572\u0576\u0561\u0575\u056b\u0576 \u057d\u057a\u056b\u057f\u0561\u056f\u0565\u0572\u0565\u0576\u056b \u057d\u0561\u057f\u056b\u0576\u0565 \u0570\u0561\u057e\u0561\u0584\u0561\u056e\u0578\u0582 Purity Virhome<\/h4>\n\t\t\t\t\t\t\t<\/div>\n\t\t\t\n\t\t\t\n\t\t\t\n\t\t<\/div>\n\t\t\n\t\t\t\t<div id=\"wd-649c07bc09686\" class=\"wd-text-block wd-wpb reset-last-child wd-rs-649c07bc09686 text-left vc_custom_1687947200342\">\n\t\t\t<p>\u054f\u0535\u054d\u0531\u053f\u055d \u0574\u056b\u0561\u057f\u0578\u0576 \u057d\u0561\u057f\u056b\u0576<br \/>\n\u0532\u0531\u0542\u0531\u0534\u0550\u0548\u0552\u0539\u0545\u0548\u0552\u0546\u055d 100% \u0562\u0561\u0574\u0562\u0561\u056f<br \/>\n\u053f\u0531\u0550\u0535\u0550\u053b \u0554\u0531\u0546\u0531\u053f\u055d 300<br \/>\n\u0540\u0531\u0546\u0533\u0548\u0552\u0545\u0551\u0546\u0535\u0550\u053b \u0554\u0531\u0546\u0531\u053f\u055d 60\/1<br \/>\n\u054a\u053b\u053c\u053b\u0546\u0533\u053b \u0534\u053b\u0544\u0531\u0534\u0550\u0548\u0542\u0531\u053f\u0531\u0546\u0548\u0552\u0539\u0545\u0548\u0552\u0546\u055d 4\/5<br \/>\n\u0532\u0531\u0550\u0541\u0550\u0548\u0552\u0539\u0545\u0548\u0552\u0546\u055d 305 \u057d\u0574<br \/>\n\u0554\u0531\u0547\u055d 120 \u0563\u0580\/\u0574\u0584<\/p>\n\t\t<\/div>\n\t\t[\/vc_column][vc_column width=&#8221;1\/3&#8243; offset=&#8221;vc_col-lg-4 vc_col-md-4 vc_col-xs-12&#8243; woodmart_css_id=&#8221;638b47465bfb8&#8243; parallax_scroll=&#8221;no&#8221; woodmart_sticky_column=&#8221;false&#8221; wd_collapsible_content_switcher=&#8221;no&#8221; mobile_bg_img_hidden=&#8221;no&#8221; tablet_bg_img_hidden=&#8221;no&#8221; woodmart_parallax=&#8221;0&#8243; woodmart_box_shadow=&#8221;no&#8221; mobile_reset_margin=&#8221;no&#8221; tablet_reset_margin=&#8221;no&#8221; wd_z_index=&#8221;no&#8221; responsive_spacing=&#8221;eyJwYXJhbV90eXBlIjoid29vZG1hcnRfcmVzcG9uc2l2ZV9zcGFjaW5nIiwic2VsZWN0b3JfaWQiOiI2MzhiNDc0NjViZmI4Iiwic2hvcnRjb2RlIjoidmNfY29sdW1uIiwiZGF0YSI6eyJ0YWJsZXQiOnt9LCJtb2JpbGUiOnt9fX0=&#8221; wd_column_role_offcanvas_desktop=&#8221;no&#8221; wd_column_role_offcanvas_tablet=&#8221;no&#8221; wd_column_role_offcanvas_mobile=&#8221;no&#8221; wd_column_role_content_desktop=&#8221;no&#8221; wd_column_role_content_tablet=&#8221;no&#8221; wd_column_role_content_mobile=&#8221;no&#8221;][vc_single_image image=&#8221;12731&#8243; img_size=&#8221;800&#215;1000&#8243; css=&#8221;.vc_custom_1686923164146{margin-bottom: 0px !important;}&#8221; woodmart_inline=&#8221;no&#8221; parallax_scroll=&#8221;no&#8221;][\/vc_column][vc_column width=&#8221;1\/3&#8243;][vc_single_image image=&#8221;12744&#8243; img_size=&#8221;800&#215;1000&#8243; css=&#8221;.vc_custom_1686923191681{margin-bottom: 0px !important;}&#8221; woodmart_inline=&#8221;no&#8221; parallax_scroll=&#8221;no&#8221;][\/vc_column][\/vc_row]<\/p>\n<\/div>","protected":false},"excerpt":{"rendered":"<p><strong>\u0531\u057c\u056f\u0561 \u0561\u057d\u0565\u0572\u0576\u0561\u0563\u0578\u0580\u056e\u0578\u0582\u0569\u0575\u0561\u0576 \u0563\u0578\u0582\u0575\u0576\u0568: <\/strong>Blu Navy<strong><br \/>\n<\/strong><strong>\u0531\u057c\u056f\u0561 \u0579\u0561\u0583\u057d\u0565\u0580\u055d<br \/>\n<\/strong>\u054e\u0565\u0580\u0574\u0561\u056f\u056b \u056e\u0561\u056e\u056f\u0578\u0581 \u056f\u0580\u056f\u0576\u0561\u056f\u056b \u0565\u0580\u0565\u057d\u0578\u057e 250*200 &#8211; 1 \u0570\u0561\u057f<br \/>\n\u054d\u0561\u057e\u0561\u0576 180*200 \u2013 1\u0570\u0561\u057f<br \/>\n\u0532\u0561\u0580\u0571\u056b \u0565\u0580\u0565\u057d 4 \u0565\u0566\u0580\u0578\u057e 50*80 &#8211; 2 \u0570\u0561\u057f<\/p>\n<p><strong>\u054a\u0561\u057f\u057e\u0565\u0580\u056b \u0570\u0561\u0574\u0561\u0580 \u0570\u0561\u057d\u0561\u0576\u0565\u056c\u056b \u0565\u0566\u0580\u0561\u0563\u056e\u056b \u0563\u0578\u0582\u0575\u0576\u0565\u0580\u055d<\/strong>Titanio, Cipria, Ostrica, Tiffany, Blu Navy<strong><br \/>\n\u054a\u0561\u057f\u057e\u0565\u0580\u056b \u0570\u0561\u0574\u0561\u0580 \u0570\u0561\u057d\u0561\u0576\u0565\u056c\u056b \u0579\u0561\u0583\u057d\u0565\u0580\u055d<\/strong><br \/>\n\u054e\u0565\u0580\u0574\u0561\u056f\u056b \u056e\u0561\u056e\u056f\u0578\u0581 \u057d\u0574 155\u00d7200 | 200\u00d7200 | 250\u00d7200 | 270\u00d7200<br \/>\n\u0532\u0561\u0580\u0571\u056b \u0565\u0580\u0565\u057d 4 \u0565\u0566\u0580\u0578\u057e \u057d\u0574 50\u00d780<br \/>\n\u054d\u0561\u057e\u0561\u0576 \u057d\u0574 90\u00d7200 | 120\u00d7200 | 140\u00d7200 | 160\u00d7200 | 180\u00d7200 | 200\u00d7200<br \/>\n\u0531\u057d\u0565\u0572\u0576\u0561\u0563\u0578\u0580\u056e \u057e\u0565\u0580\u0574\u0561\u056f \u057d\u0574 260\u00d7270 | 280\u00d7270<br \/>\n\u054d\u0561\u057f\u056b\u0576\u0565 \u0570\u0561\u0580\u0569 \u057d\u0561\u057e\u0561\u0576 \u057d\u0574 180\u00d7290 | 250\u00d7290 | 270\u00d7290<br \/>\n\u0532\u0561\u0580\u0571\u056b \u0565\u0580\u0565\u057d 4 \u0565\u0566\u0580\u0578\u057e \u057d\u0574 50\u00d780 | 30\u00d740<br \/>\n\u0554\u0561\u057c\u0561\u056f\u0578\u0582\u057d\u056b \u0562\u0561\u0580\u0571\u056b \u0565\u0580\u0565\u057d \u057d\u0574 65\u00d765<br \/>\n\u0532\u0578\u0582\u0564\u0578\u0582\u0561\u0580 4 \u0565\u0566\u0580\u0578\u057e \u057d\u0574 30\u00d740<\/p>\n[html_block id=\"8201\"]\n","protected":false},"featured_media":12740,"comment_status":"closed","ping_status":"closed","template":"","meta":{"_monsterinsights_skip_tracking":false,"_monsterinsights_sitenote_active":false,"_monsterinsights_sitenote_note":"","_monsterinsights_sitenote_category":0},"product_brand":[],"product_cat":[850,848],"product_tag":[],"class_list":{"0":"post-12729","1":"product","2":"type-product","3":"status-publish","4":"has-post-thumbnail","6":"product_cat-bed-linen-hy","7":"product_cat-textile-hy","8":"pa_brand-altrenotti-hy","10":"first","11":"instock","12":"shipping-taxable","13":"product-type-simple"},"yoast_head":"<!-- This site is optimized with the Yoast SEO Premium plugin v20.0 (Yoast SEO v26.2) - https:\/\/yoast.com\/wordpress\/plugins\/seo\/ -->\n<title>\u0531\u0576\u056f\u0578\u0572\u0576\u0561\u0575\u056b\u0576 \u057d\u057a\u056b\u057f\u0561\u056f\u0565\u0572\u0565\u0576\u056b \u057d\u0561\u057f\u056b\u0576\u0565 \u0570\u0561\u057e\u0561\u0584\u0561\u056e\u0578\u0582 Purity Virhome &#8226; trivia design<\/title>\n<meta name=\"robots\" content=\"index, follow, max-snippet:-1, max-image-preview:large, max-video-preview:-1\" \/>\n<link rel=\"canonical\" href=\"https:\/\/trivia.design\/hy\/product\/\u0561\u0576\u056f\u0578\u0572\u0576\u0561\u0575\u056b\u0576-\u057d\u057a\u056b\u057f\u0561\u056f\u0565\u0572\u0565\u0576\u056b-\u057d\u0561\u057f\u056b\u0576\u0565-\u0570\u0561\u057e\u0561\u0584\/\" \/>\n<meta property=\"og:locale\" content=\"hy_AM\" \/>\n<meta property=\"og:type\" content=\"article\" \/>\n<meta property=\"og:title\" content=\"\u0531\u0576\u056f\u0578\u0572\u0576\u0561\u0575\u056b\u0576 \u057d\u057a\u056b\u057f\u0561\u056f\u0565\u0572\u0565\u0576\u056b \u057d\u0561\u057f\u056b\u0576\u0565 \u0570\u0561\u057e\u0561\u0584\u0561\u056e\u0578\u0582 Purity Virhome\" \/>\n<meta property=\"og:description\" content=\"\u0531\u057c\u056f\u0561 \u0561\u057d\u0565\u0572\u0576\u0561\u0563\u0578\u0580\u056e\u0578\u0582\u0569\u0575\u0561\u0576 \u0563\u0578\u0582\u0575\u0576\u0568: Blu Navy \u0531\u057c\u056f\u0561 \u0579\u0561\u0583\u057d\u0565\u0580\u055d \u054e\u0565\u0580\u0574\u0561\u056f\u056b \u056e\u0561\u056e\u056f\u0578\u0581 \u056f\u0580\u056f\u0576\u0561\u056f\u056b \u0565\u0580\u0565\u057d\u0578\u057e 250*200 - 1 \u0570\u0561\u057f \u054d\u0561\u057e\u0561\u0576 180*200 \u2013 1\u0570\u0561\u057f \u0532\u0561\u0580\u0571\u056b \u0565\u0580\u0565\u057d 4 \u0565\u0566\u0580\u0578\u057e 50*80 - 2 \u0570\u0561\u057f \u054a\u0561\u057f\u057e\u0565\u0580\u056b \u0570\u0561\u0574\u0561\u0580 \u0570\u0561\u057d\u0561\u0576\u0565\u056c\u056b \u0565\u0566\u0580\u0561\u0563\u056e\u056b \u0563\u0578\u0582\u0575\u0576\u0565\u0580\u055dTitanio, Cipria, Ostrica, Tiffany, Blu Navy \u054a\u0561\u057f\u057e\u0565\u0580\u056b \u0570\u0561\u0574\u0561\u0580 \u0570\u0561\u057d\u0561\u0576\u0565\u056c\u056b \u0579\u0561\u0583\u057d\u0565\u0580\u055d \u054e\u0565\u0580\u0574\u0561\u056f\u056b \u056e\u0561\u056e\u056f\u0578\u0581 \u057d\u0574 155\u00d7200 | 200\u00d7200 | 250\u00d7200 | 270\u00d7200 \u0532\u0561\u0580\u0571\u056b \u0565\u0580\u0565\u057d 4 \u0565\u0566\u0580\u0578\u057e \u057d\u0574 50\u00d780 \u054d\u0561\u057e\u0561\u0576 \u057d\u0574 90\u00d7200 | 120\u00d7200 | 140\u00d7200 | 160\u00d7200 | 180\u00d7200 | 200\u00d7200 \u0531\u057d\u0565\u0572\u0576\u0561\u0563\u0578\u0580\u056e \u057e\u0565\u0580\u0574\u0561\u056f \u057d\u0574 260\u00d7270 | 280\u00d7270 \u054d\u0561\u057f\u056b\u0576\u0565 \u0570\u0561\u0580\u0569 \u057d\u0561\u057e\u0561\u0576 \u057d\u0574 180\u00d7290 | 250\u00d7290 | 270\u00d7290 \u0532\u0561\u0580\u0571\u056b \u0565\u0580\u0565\u057d 4 \u0565\u0566\u0580\u0578\u057e \u057d\u0574 50\u00d780 | 30\u00d740 \u0554\u0561\u057c\u0561\u056f\u0578\u0582\u057d\u056b \u0562\u0561\u0580\u0571\u056b \u0565\u0580\u0565\u057d \u057d\u0574 65\u00d765 \u0532\u0578\u0582\u0564\u0578\u0582\u0561\u0580 4 \u0565\u0566\u0580\u0578\u057e \u057d\u0574 30\u00d740\" \/>\n<meta property=\"og:url\" content=\"https:\/\/trivia.design\/hy\/product\/\u0561\u0576\u056f\u0578\u0572\u0576\u0561\u0575\u056b\u0576-\u057d\u057a\u056b\u057f\u0561\u056f\u0565\u0572\u0565\u0576\u056b-\u057d\u0561\u057f\u056b\u0576\u0565-\u0570\u0561\u057e\u0561\u0584\/\" \/>\n<meta property=\"og:site_name\" content=\"trivia design\" \/>\n<meta property=\"article:publisher\" content=\"https:\/\/www.facebook.com\/triviayerevan\/\" \/>\n<meta property=\"article:modified_time\" content=\"2023-06-29T09:49:54+00:00\" \/>\n<meta property=\"og:image\" content=\"https:\/\/trivia.design\/wp-content\/uploads\/2023\/06\/p3.jpg\" \/>\n\t<meta property=\"og:image:width\" content=\"1920\" \/>\n\t<meta property=\"og:image:height\" content=\"1275\" \/>\n\t<meta property=\"og:image:type\" content=\"image\/jpeg\" \/>\n<meta name=\"twitter:card\" content=\"summary_large_image\" \/>\n<meta name=\"twitter:label1\" content=\"Est. reading time\" \/>\n\t<meta name=\"twitter:data1\" content=\"2 minutes\" \/>\n<script type=\"application\/ld+json\" class=\"yoast-schema-graph\">{\"@context\":\"https:\/\/schema.org\",\"@graph\":[{\"@type\":\"WebPage\",\"@id\":\"https:\/\/trivia.design\/hy\/product\/%d5%a1%d5%b6%d5%af%d5%b8%d5%b2%d5%b6%d5%a1%d5%b5%d5%ab%d5%b6-%d5%bd%d5%ba%d5%ab%d5%bf%d5%a1%d5%af%d5%a5%d5%b2%d5%a5%d5%b6%d5%ab-%d5%bd%d5%a1%d5%bf%d5%ab%d5%b6%d5%a5-%d5%b0%d5%a1%d5%be%d5%a1%d6%84\/\",\"url\":\"https:\/\/trivia.design\/hy\/product\/%d5%a1%d5%b6%d5%af%d5%b8%d5%b2%d5%b6%d5%a1%d5%b5%d5%ab%d5%b6-%d5%bd%d5%ba%d5%ab%d5%bf%d5%a1%d5%af%d5%a5%d5%b2%d5%a5%d5%b6%d5%ab-%d5%bd%d5%a1%d5%bf%d5%ab%d5%b6%d5%a5-%d5%b0%d5%a1%d5%be%d5%a1%d6%84\/\",\"name\":\"\u0531\u0576\u056f\u0578\u0572\u0576\u0561\u0575\u056b\u0576 \u057d\u057a\u056b\u057f\u0561\u056f\u0565\u0572\u0565\u0576\u056b \u057d\u0561\u057f\u056b\u0576\u0565 \u0570\u0561\u057e\u0561\u0584\u0561\u056e\u0578\u0582 Purity Virhome &#8226; trivia design\",\"isPartOf\":{\"@id\":\"https:\/\/trivia.design\/#website\"},\"primaryImageOfPage\":{\"@id\":\"https:\/\/trivia.design\/hy\/product\/%d5%a1%d5%b6%d5%af%d5%b8%d5%b2%d5%b6%d5%a1%d5%b5%d5%ab%d5%b6-%d5%bd%d5%ba%d5%ab%d5%bf%d5%a1%d5%af%d5%a5%d5%b2%d5%a5%d5%b6%d5%ab-%d5%bd%d5%a1%d5%bf%d5%ab%d5%b6%d5%a5-%d5%b0%d5%a1%d5%be%d5%a1%d6%84\/#primaryimage\"},\"image\":{\"@id\":\"https:\/\/trivia.design\/hy\/product\/%d5%a1%d5%b6%d5%af%d5%b8%d5%b2%d5%b6%d5%a1%d5%b5%d5%ab%d5%b6-%d5%bd%d5%ba%d5%ab%d5%bf%d5%a1%d5%af%d5%a5%d5%b2%d5%a5%d5%b6%d5%ab-%d5%bd%d5%a1%d5%bf%d5%ab%d5%b6%d5%a5-%d5%b0%d5%a1%d5%be%d5%a1%d6%84\/#primaryimage\"},\"thumbnailUrl\":\"https:\/\/trivia.design\/wp-content\/uploads\/2023\/06\/p3.jpg\",\"datePublished\":\"2023-06-16T11:08:41+00:00\",\"dateModified\":\"2023-06-29T09:49:54+00:00\",\"breadcrumb\":{\"@id\":\"https:\/\/trivia.design\/hy\/product\/%d5%a1%d5%b6%d5%af%d5%b8%d5%b2%d5%b6%d5%a1%d5%b5%d5%ab%d5%b6-%d5%bd%d5%ba%d5%ab%d5%bf%d5%a1%d5%af%d5%a5%d5%b2%d5%a5%d5%b6%d5%ab-%d5%bd%d5%a1%d5%bf%d5%ab%d5%b6%d5%a5-%d5%b0%d5%a1%d5%be%d5%a1%d6%84\/#breadcrumb\"},\"inLanguage\":\"hy-AM\",\"potentialAction\":[{\"@type\":\"ReadAction\",\"target\":[\"https:\/\/trivia.design\/hy\/product\/%d5%a1%d5%b6%d5%af%d5%b8%d5%b2%d5%b6%d5%a1%d5%b5%d5%ab%d5%b6-%d5%bd%d5%ba%d5%ab%d5%bf%d5%a1%d5%af%d5%a5%d5%b2%d5%a5%d5%b6%d5%ab-%d5%bd%d5%a1%d5%bf%d5%ab%d5%b6%d5%a5-%d5%b0%d5%a1%d5%be%d5%a1%d6%84\/\"]}]},{\"@type\":\"ImageObject\",\"inLanguage\":\"hy-AM\",\"@id\":\"https:\/\/trivia.design\/hy\/product\/%d5%a1%d5%b6%d5%af%d5%b8%d5%b2%d5%b6%d5%a1%d5%b5%d5%ab%d5%b6-%d5%bd%d5%ba%d5%ab%d5%bf%d5%a1%d5%af%d5%a5%d5%b2%d5%a5%d5%b6%d5%ab-%d5%bd%d5%a1%d5%bf%d5%ab%d5%b6%d5%a5-%d5%b0%d5%a1%d5%be%d5%a1%d6%84\/#primaryimage\",\"url\":\"https:\/\/trivia.design\/wp-content\/uploads\/2023\/06\/p3.jpg\",\"contentUrl\":\"https:\/\/trivia.design\/wp-content\/uploads\/2023\/06\/p3.jpg\",\"width\":1920,\"height\":1275},{\"@type\":\"BreadcrumbList\",\"@id\":\"https:\/\/trivia.design\/hy\/product\/%d5%a1%d5%b6%d5%af%d5%b8%d5%b2%d5%b6%d5%a1%d5%b5%d5%ab%d5%b6-%d5%bd%d5%ba%d5%ab%d5%bf%d5%a1%d5%af%d5%a5%d5%b2%d5%a5%d5%b6%d5%ab-%d5%bd%d5%a1%d5%bf%d5%ab%d5%b6%d5%a5-%d5%b0%d5%a1%d5%be%d5%a1%d6%84\/#breadcrumb\",\"itemListElement\":[{\"@type\":\"ListItem\",\"position\":1,\"name\":\"Home\",\"item\":\"https:\/\/trivia.design\/\"},{\"@type\":\"ListItem\",\"position\":2,\"name\":\"\u056f\u0561\u057f\u0561\u056c\u0578\u0563\",\"item\":\"https:\/\/trivia.design\/hy\/shop\/\"},{\"@type\":\"ListItem\",\"position\":3,\"name\":\"\u0531\u0576\u056f\u0578\u0572\u0576\u0561\u0575\u056b\u0576 \u057d\u057a\u056b\u057f\u0561\u056f\u0565\u0572\u0565\u0576\u056b \u057d\u0561\u057f\u056b\u0576\u0565 \u0570\u0561\u057e\u0561\u0584\u0561\u056e\u0578\u0582 Purity Virhome\"}]},{\"@type\":\"WebSite\",\"@id\":\"https:\/\/trivia.design\/#website\",\"url\":\"https:\/\/trivia.design\/\",\"name\":\"trivia design\",\"description\":\"Detail Inspired Interiors\",\"publisher\":{\"@id\":\"https:\/\/trivia.design\/#organization\"},\"potentialAction\":[{\"@type\":\"SearchAction\",\"target\":{\"@type\":\"EntryPoint\",\"urlTemplate\":\"https:\/\/trivia.design\/?s={search_term_string}\"},\"query-input\":{\"@type\":\"PropertyValueSpecification\",\"valueRequired\":true,\"valueName\":\"search_term_string\"}}],\"inLanguage\":\"hy-AM\"},{\"@type\":\"Organization\",\"@id\":\"https:\/\/trivia.design\/#organization\",\"name\":\"trivia design\",\"url\":\"https:\/\/trivia.design\/\",\"logo\":{\"@type\":\"ImageObject\",\"inLanguage\":\"hy-AM\",\"@id\":\"https:\/\/trivia.design\/#\/schema\/logo\/image\/\",\"url\":\"https:\/\/trivia.design\/wp-content\/uploads\/2022\/08\/trivia-logo-black.svg\",\"contentUrl\":\"https:\/\/trivia.design\/wp-content\/uploads\/2022\/08\/trivia-logo-black.svg\",\"width\":841,\"height\":595,\"caption\":\"trivia design\"},\"image\":{\"@id\":\"https:\/\/trivia.design\/#\/schema\/logo\/image\/\"},\"sameAs\":[\"https:\/\/www.facebook.com\/triviayerevan\/\",\"https:\/\/www.instagram.com\/trivia_yerevan\/\"]}]}<\/script>\n<!-- \/ Yoast SEO Premium plugin. -->","yoast_head_json":{"title":"\u0531\u0576\u056f\u0578\u0572\u0576\u0561\u0575\u056b\u0576 \u057d\u057a\u056b\u057f\u0561\u056f\u0565\u0572\u0565\u0576\u056b \u057d\u0561\u057f\u056b\u0576\u0565 \u0570\u0561\u057e\u0561\u0584\u0561\u056e\u0578\u0582 Purity Virhome &#8226; trivia design","robots":{"index":"index","follow":"follow","max-snippet":"max-snippet:-1","max-image-preview":"max-image-preview:large","max-video-preview":"max-video-preview:-1"},"canonical":"https:\/\/trivia.design\/hy\/product\/\u0561\u0576\u056f\u0578\u0572\u0576\u0561\u0575\u056b\u0576-\u057d\u057a\u056b\u057f\u0561\u056f\u0565\u0572\u0565\u0576\u056b-\u057d\u0561\u057f\u056b\u0576\u0565-\u0570\u0561\u057e\u0561\u0584\/","og_locale":"hy_AM","og_type":"article","og_title":"\u0531\u0576\u056f\u0578\u0572\u0576\u0561\u0575\u056b\u0576 \u057d\u057a\u056b\u057f\u0561\u056f\u0565\u0572\u0565\u0576\u056b \u057d\u0561\u057f\u056b\u0576\u0565 \u0570\u0561\u057e\u0561\u0584\u0561\u056e\u0578\u0582 Purity Virhome","og_description":"\u0531\u057c\u056f\u0561 \u0561\u057d\u0565\u0572\u0576\u0561\u0563\u0578\u0580\u056e\u0578\u0582\u0569\u0575\u0561\u0576 \u0563\u0578\u0582\u0575\u0576\u0568: Blu Navy \u0531\u057c\u056f\u0561 \u0579\u0561\u0583\u057d\u0565\u0580\u055d \u054e\u0565\u0580\u0574\u0561\u056f\u056b \u056e\u0561\u056e\u056f\u0578\u0581 \u056f\u0580\u056f\u0576\u0561\u056f\u056b \u0565\u0580\u0565\u057d\u0578\u057e 250*200 - 1 \u0570\u0561\u057f \u054d\u0561\u057e\u0561\u0576 180*200 \u2013 1\u0570\u0561\u057f \u0532\u0561\u0580\u0571\u056b \u0565\u0580\u0565\u057d 4 \u0565\u0566\u0580\u0578\u057e 50*80 - 2 \u0570\u0561\u057f \u054a\u0561\u057f\u057e\u0565\u0580\u056b \u0570\u0561\u0574\u0561\u0580 \u0570\u0561\u057d\u0561\u0576\u0565\u056c\u056b \u0565\u0566\u0580\u0561\u0563\u056e\u056b \u0563\u0578\u0582\u0575\u0576\u0565\u0580\u055dTitanio, Cipria, Ostrica, Tiffany, Blu Navy \u054a\u0561\u057f\u057e\u0565\u0580\u056b \u0570\u0561\u0574\u0561\u0580 \u0570\u0561\u057d\u0561\u0576\u0565\u056c\u056b \u0579\u0561\u0583\u057d\u0565\u0580\u055d \u054e\u0565\u0580\u0574\u0561\u056f\u056b \u056e\u0561\u056e\u056f\u0578\u0581 \u057d\u0574 155\u00d7200 | 200\u00d7200 | 250\u00d7200 | 270\u00d7200 \u0532\u0561\u0580\u0571\u056b \u0565\u0580\u0565\u057d 4 \u0565\u0566\u0580\u0578\u057e \u057d\u0574 50\u00d780 \u054d\u0561\u057e\u0561\u0576 \u057d\u0574 90\u00d7200 | 120\u00d7200 | 140\u00d7200 | 160\u00d7200 | 180\u00d7200 | 200\u00d7200 \u0531\u057d\u0565\u0572\u0576\u0561\u0563\u0578\u0580\u056e \u057e\u0565\u0580\u0574\u0561\u056f \u057d\u0574 260\u00d7270 | 280\u00d7270 \u054d\u0561\u057f\u056b\u0576\u0565 \u0570\u0561\u0580\u0569 \u057d\u0561\u057e\u0561\u0576 \u057d\u0574 180\u00d7290 | 250\u00d7290 | 270\u00d7290 \u0532\u0561\u0580\u0571\u056b \u0565\u0580\u0565\u057d 4 \u0565\u0566\u0580\u0578\u057e \u057d\u0574 50\u00d780 | 30\u00d740 \u0554\u0561\u057c\u0561\u056f\u0578\u0582\u057d\u056b \u0562\u0561\u0580\u0571\u056b \u0565\u0580\u0565\u057d \u057d\u0574 65\u00d765 \u0532\u0578\u0582\u0564\u0578\u0582\u0561\u0580 4 \u0565\u0566\u0580\u0578\u057e \u057d\u0574 30\u00d740","og_url":"https:\/\/trivia.design\/hy\/product\/\u0561\u0576\u056f\u0578\u0572\u0576\u0561\u0575\u056b\u0576-\u057d\u057a\u056b\u057f\u0561\u056f\u0565\u0572\u0565\u0576\u056b-\u057d\u0561\u057f\u056b\u0576\u0565-\u0570\u0561\u057e\u0561\u0584\/","og_site_name":"trivia design","article_publisher":"https:\/\/www.facebook.com\/triviayerevan\/","article_modified_time":"2023-06-29T09:49:54+00:00","og_image":[{"width":1920,"height":1275,"url":"https:\/\/trivia.design\/wp-content\/uploads\/2023\/06\/p3.jpg","type":"image\/jpeg"}],"twitter_card":"summary_large_image","twitter_misc":{"Est. reading time":"2 minutes"},"schema":{"@context":"https:\/\/schema.org","@graph":[{"@type":"WebPage","@id":"https:\/\/trivia.design\/hy\/product\/%d5%a1%d5%b6%d5%af%d5%b8%d5%b2%d5%b6%d5%a1%d5%b5%d5%ab%d5%b6-%d5%bd%d5%ba%d5%ab%d5%bf%d5%a1%d5%af%d5%a5%d5%b2%d5%a5%d5%b6%d5%ab-%d5%bd%d5%a1%d5%bf%d5%ab%d5%b6%d5%a5-%d5%b0%d5%a1%d5%be%d5%a1%d6%84\/","url":"https:\/\/trivia.design\/hy\/product\/%d5%a1%d5%b6%d5%af%d5%b8%d5%b2%d5%b6%d5%a1%d5%b5%d5%ab%d5%b6-%d5%bd%d5%ba%d5%ab%d5%bf%d5%a1%d5%af%d5%a5%d5%b2%d5%a5%d5%b6%d5%ab-%d5%bd%d5%a1%d5%bf%d5%ab%d5%b6%d5%a5-%d5%b0%d5%a1%d5%be%d5%a1%d6%84\/","name":"\u0531\u0576\u056f\u0578\u0572\u0576\u0561\u0575\u056b\u0576 \u057d\u057a\u056b\u057f\u0561\u056f\u0565\u0572\u0565\u0576\u056b \u057d\u0561\u057f\u056b\u0576\u0565 \u0570\u0561\u057e\u0561\u0584\u0561\u056e\u0578\u0582 Purity Virhome &#8226; trivia design","isPartOf":{"@id":"https:\/\/trivia.design\/#website"},"primaryImageOfPage":{"@id":"https:\/\/trivia.design\/hy\/product\/%d5%a1%d5%b6%d5%af%d5%b8%d5%b2%d5%b6%d5%a1%d5%b5%d5%ab%d5%b6-%d5%bd%d5%ba%d5%ab%d5%bf%d5%a1%d5%af%d5%a5%d5%b2%d5%a5%d5%b6%d5%ab-%d5%bd%d5%a1%d5%bf%d5%ab%d5%b6%d5%a5-%d5%b0%d5%a1%d5%be%d5%a1%d6%84\/#primaryimage"},"image":{"@id":"https:\/\/trivia.design\/hy\/product\/%d5%a1%d5%b6%d5%af%d5%b8%d5%b2%d5%b6%d5%a1%d5%b5%d5%ab%d5%b6-%d5%bd%d5%ba%d5%ab%d5%bf%d5%a1%d5%af%d5%a5%d5%b2%d5%a5%d5%b6%d5%ab-%d5%bd%d5%a1%d5%bf%d5%ab%d5%b6%d5%a5-%d5%b0%d5%a1%d5%be%d5%a1%d6%84\/#primaryimage"},"thumbnailUrl":"https:\/\/trivia.design\/wp-content\/uploads\/2023\/06\/p3.jpg","datePublished":"2023-06-16T11:08:41+00:00","dateModified":"2023-06-29T09:49:54+00:00","breadcrumb":{"@id":"https:\/\/trivia.design\/hy\/product\/%d5%a1%d5%b6%d5%af%d5%b8%d5%b2%d5%b6%d5%a1%d5%b5%d5%ab%d5%b6-%d5%bd%d5%ba%d5%ab%d5%bf%d5%a1%d5%af%d5%a5%d5%b2%d5%a5%d5%b6%d5%ab-%d5%bd%d5%a1%d5%bf%d5%ab%d5%b6%d5%a5-%d5%b0%d5%a1%d5%be%d5%a1%d6%84\/#breadcrumb"},"inLanguage":"hy-AM","potentialAction":[{"@type":"ReadAction","target":["https:\/\/trivia.design\/hy\/product\/%d5%a1%d5%b6%d5%af%d5%b8%d5%b2%d5%b6%d5%a1%d5%b5%d5%ab%d5%b6-%d5%bd%d5%ba%d5%ab%d5%bf%d5%a1%d5%af%d5%a5%d5%b2%d5%a5%d5%b6%d5%ab-%d5%bd%d5%a1%d5%bf%d5%ab%d5%b6%d5%a5-%d5%b0%d5%a1%d5%be%d5%a1%d6%84\/"]}]},{"@type":"ImageObject","inLanguage":"hy-AM","@id":"https:\/\/trivia.design\/hy\/product\/%d5%a1%d5%b6%d5%af%d5%b8%d5%b2%d5%b6%d5%a1%d5%b5%d5%ab%d5%b6-%d5%bd%d5%ba%d5%ab%d5%bf%d5%a1%d5%af%d5%a5%d5%b2%d5%a5%d5%b6%d5%ab-%d5%bd%d5%a1%d5%bf%d5%ab%d5%b6%d5%a5-%d5%b0%d5%a1%d5%be%d5%a1%d6%84\/#primaryimage","url":"https:\/\/trivia.design\/wp-content\/uploads\/2023\/06\/p3.jpg","contentUrl":"https:\/\/trivia.design\/wp-content\/uploads\/2023\/06\/p3.jpg","width":1920,"height":1275},{"@type":"BreadcrumbList","@id":"https:\/\/trivia.design\/hy\/product\/%d5%a1%d5%b6%d5%af%d5%b8%d5%b2%d5%b6%d5%a1%d5%b5%d5%ab%d5%b6-%d5%bd%d5%ba%d5%ab%d5%bf%d5%a1%d5%af%d5%a5%d5%b2%d5%a5%d5%b6%d5%ab-%d5%bd%d5%a1%d5%bf%d5%ab%d5%b6%d5%a5-%d5%b0%d5%a1%d5%be%d5%a1%d6%84\/#breadcrumb","itemListElement":[{"@type":"ListItem","position":1,"name":"Home","item":"https:\/\/trivia.design\/"},{"@type":"ListItem","position":2,"name":"\u056f\u0561\u057f\u0561\u056c\u0578\u0563","item":"https:\/\/trivia.design\/hy\/shop\/"},{"@type":"ListItem","position":3,"name":"\u0531\u0576\u056f\u0578\u0572\u0576\u0561\u0575\u056b\u0576 \u057d\u057a\u056b\u057f\u0561\u056f\u0565\u0572\u0565\u0576\u056b \u057d\u0561\u057f\u056b\u0576\u0565 \u0570\u0561\u057e\u0561\u0584\u0561\u056e\u0578\u0582 Purity Virhome"}]},{"@type":"WebSite","@id":"https:\/\/trivia.design\/#website","url":"https:\/\/trivia.design\/","name":"trivia design","description":"Detail Inspired Interiors","publisher":{"@id":"https:\/\/trivia.design\/#organization"},"potentialAction":[{"@type":"SearchAction","target":{"@type":"EntryPoint","urlTemplate":"https:\/\/trivia.design\/?s={search_term_string}"},"query-input":{"@type":"PropertyValueSpecification","valueRequired":true,"valueName":"search_term_string"}}],"inLanguage":"hy-AM"},{"@type":"Organization","@id":"https:\/\/trivia.design\/#organization","name":"trivia design","url":"https:\/\/trivia.design\/","logo":{"@type":"ImageObject","inLanguage":"hy-AM","@id":"https:\/\/trivia.design\/#\/schema\/logo\/image\/","url":"https:\/\/trivia.design\/wp-content\/uploads\/2022\/08\/trivia-logo-black.svg","contentUrl":"https:\/\/trivia.design\/wp-content\/uploads\/2022\/08\/trivia-logo-black.svg","width":841,"height":595,"caption":"trivia design"},"image":{"@id":"https:\/\/trivia.design\/#\/schema\/logo\/image\/"},"sameAs":["https:\/\/www.facebook.com\/triviayerevan\/","https:\/\/www.instagram.com\/trivia_yerevan\/"]}]}},"_links":{"self":[{"href":"https:\/\/trivia.design\/hy\/wp-json\/wp\/v2\/product\/12729","targetHints":{"allow":["GET"]}}],"collection":[{"href":"https:\/\/trivia.design\/hy\/wp-json\/wp\/v2\/product"}],"about":[{"href":"https:\/\/trivia.design\/hy\/wp-json\/wp\/v2\/types\/product"}],"replies":[{"embeddable":true,"href":"https:\/\/trivia.design\/hy\/wp-json\/wp\/v2\/comments?post=12729"}],"wp:featuredmedia":[{"embeddable":true,"href":"https:\/\/trivia.design\/hy\/wp-json\/wp\/v2\/media\/12740"}],"wp:attachment":[{"href":"https:\/\/trivia.design\/hy\/wp-json\/wp\/v2\/media?parent=12729"}],"wp:term":[{"taxonomy":"product_brand","embeddable":true,"href":"https:\/\/trivia.design\/hy\/wp-json\/wp\/v2\/product_brand?post=12729"},{"taxonomy":"product_cat","embeddable":true,"href":"https:\/\/trivia.design\/hy\/wp-json\/wp\/v2\/product_cat?post=12729"},{"taxonomy":"product_tag","embeddable":true,"href":"https:\/\/trivia.design\/hy\/wp-json\/wp\/v2\/product_tag?post=12729"}],"curies":[{"name":"wp","href":"https:\/\/api.w.org\/{rel}","templated":true}]}}