{"id":12840,"date":"2023-07-14T16:10:42","date_gmt":"2023-07-14T12:10:42","guid":{"rendered":"https:\/\/trivia.design\/?post_type=product&#038;p=12840"},"modified":"2023-07-14T16:49:45","modified_gmt":"2023-07-14T12:49:45","slug":"bed-linen-set-satin-collection-plain-colors-2","status":"publish","type":"product","link":"https:\/\/trivia.design\/hy\/product\/bed-linen-set-satin-collection-plain-colors-2\/","title":{"rendered":"Bed Linen set Satin Collection Plain Colors"},"content":{"rendered":"<div class=\"wpb-content-wrapper\"><p>[vc_row equal_height=&#8221;yes&#8221; content_placement=&#8221;top&#8221;][vc_column width=&#8221;1\/3&#8243; css=&#8221;.vc_custom_1635941267568{margin-bottom: 35px !important;padding-right: 30px !important;padding-bottom: 30px !important;padding-left: 30px !important;}&#8221; offset=&#8221;vc_col-lg-4 vc_col-md-4 vc_col-xs-12&#8243; woodmart_css_id=&#8221;61827b8e5abdf&#8221; parallax_scroll=&#8221;no&#8221; woodmart_sticky_column=&#8221;false&#8221; wd_collapsible_content_switcher=&#8221;no&#8221; mobile_bg_img_hidden=&#8221;no&#8221; tablet_bg_img_hidden=&#8221;no&#8221; woodmart_parallax=&#8221;0&#8243; woodmart_box_shadow=&#8221;no&#8221; mobile_reset_margin=&#8221;no&#8221; tablet_reset_margin=&#8221;no&#8221; wd_z_index=&#8221;no&#8221; responsive_spacing=&#8221;eyJwYXJhbV90eXBlIjoid29vZG1hcnRfcmVzcG9uc2l2ZV9zcGFjaW5nIiwic2VsZWN0b3JfaWQiOiI2MTgyN2I4ZTVhYmRmIiwic2hvcnRjb2RlIjoidmNfY29sdW1uIiwiZGF0YSI6eyJ0YWJsZXQiOnt9LCJtb2JpbGUiOnt9fX0=&#8221;]\n\t\t<div id=\"wd-64b13b94a3881\" class=\"title-wrapper wd-wpb set-mb-s reset-last-child  wd-rs-64b13b94a3881 wd-title-color-default wd-title-style-default text-left  wd-underline-colored\">\n\t\t\t\t\t\t\t<div class=\"title-subtitle  subtitle-color-default font-default subtitle-style-default wd-font-weight- wd-fontsize-xs\">For all needs<\/div>\n\t\t\t\n\t\t\t<div class=\"liner-continer\">\n\t\t\t\t<h4 class=\"woodmart-title-container title  wd-font-weight- wd-fontsize-l\" >Bed Linen set Satin Collection Plain Colors<\/h4>\n\t\t\t\t\t\t\t<\/div>\n\t\t\t\n\t\t\t\n\t\t\t\n\t\t<\/div>\n\t\t\n\t\t\t\t<div id=\"wd-64b13c0d739f6\" class=\"wd-text-block wd-wpb reset-last-child wd-rs-64b13c0d739f6 text-left vc_custom_1689336883377\">\n\t\t\t<p>TYPE:Plain satin<br \/>\nCOMPOSITION:100% cotton<br \/>\nTHREAED COUNT:300<br \/>\nPILLING RESISTANCE:4\/5<br \/>\nYARN COUNT:60\/1<br \/>\nHEIGHT:305 cm<br \/>\nWEIGHT:120 gr\/mq<\/p>\n<div id=\"gtx-trans\" style=\"position: absolute; left: -9px; top: 230px;\">\n<div class=\"gtx-trans-icon\"><\/div>\n<\/div>\n\t\t<\/div>\n\t\t[\/vc_column][vc_column width=&#8221;1\/3&#8243; offset=&#8221;vc_col-lg-4 vc_col-md-4 vc_col-xs-12&#8243; woodmart_css_id=&#8221;638b47465bfb8&#8243; parallax_scroll=&#8221;no&#8221; woodmart_sticky_column=&#8221;false&#8221; wd_collapsible_content_switcher=&#8221;no&#8221; mobile_bg_img_hidden=&#8221;no&#8221; tablet_bg_img_hidden=&#8221;no&#8221; woodmart_parallax=&#8221;0&#8243; woodmart_box_shadow=&#8221;no&#8221; mobile_reset_margin=&#8221;no&#8221; tablet_reset_margin=&#8221;no&#8221; wd_z_index=&#8221;no&#8221; responsive_spacing=&#8221;eyJwYXJhbV90eXBlIjoid29vZG1hcnRfcmVzcG9uc2l2ZV9zcGFjaW5nIiwic2VsZWN0b3JfaWQiOiI2MzhiNDc0NjViZmI4Iiwic2hvcnRjb2RlIjoidmNfY29sdW1uIiwiZGF0YSI6eyJ0YWJsZXQiOnt9LCJtb2JpbGUiOnt9fX0=&#8221; wd_column_role_offcanvas_desktop=&#8221;no&#8221; wd_column_role_offcanvas_tablet=&#8221;no&#8221; wd_column_role_offcanvas_mobile=&#8221;no&#8221; wd_column_role_content_desktop=&#8221;no&#8221; wd_column_role_content_tablet=&#8221;no&#8221; wd_column_role_content_mobile=&#8221;no&#8221;][vc_single_image image=&#8221;12855&#8243; img_size=&#8221;800&#215;1000&#8243; css=&#8221;.vc_custom_1689338904277{margin-bottom: 0px !important;}&#8221; woodmart_inline=&#8221;no&#8221; parallax_scroll=&#8221;no&#8221;][\/vc_column][vc_column width=&#8221;1\/3&#8243;][vc_single_image image=&#8221;12858&#8243; img_size=&#8221;800&#215;1000&#8243; css=&#8221;.vc_custom_1689338943340{margin-bottom: 0px !important;}&#8221; woodmart_inline=&#8221;no&#8221; parallax_scroll=&#8221;no&#8221;][\/vc_column][\/vc_row]<\/p>\n<\/div>","protected":false},"excerpt":{"rendered":"<p><strong>In stock available colors:<\/strong> Polvere<br \/>\n<strong>In stock available sizes:<\/strong><br \/>\nDuvet cover 200*200 &#8211; 1 pcs<\/p>\n<p>Fitted sheet 160*200 \u2013 1pcs<\/p>\n<p>Pillow case with 3 flange 50*80 &#8211; 2 pcs<\/p>\n<p><strong>Aviable in colors:<\/strong> Avorio Cipria RodioTitanioCachi Ostrica Cielo Avio Acquamarina Polvere and Double Face: Avorio \/ Cielo Rodio \/ Ostrica Cipria \/ Titanio Polvere \/ Cachi<br \/>\nSizes: Duvet cover cm 155\u00d7200 | 200\u00d7200 | 250\u00d7200 | 270\u00d7200<br \/>\nDuvet cover double face cm 155\u00d7200 | 200\u00d7200 | 250\u00d7200 | 270\u00d7200<br \/>\nPillow case with 3 flange cm 50\u00d780<br \/>\nFitted sheet cm 90\u00d7200 | 120\u00d7200 | 140\u00d7200 | 160\u00d7200 | 180\u00d7200 | 200\u00d7200<br \/>\nQuilt 100 gr cm 180\u00d7270 | cm 260\u00d7270 | 280\u00d7270<br \/>\nQuilt 300 gr cm 180\u00d7270 | cm 260\u00d7270 | 280\u00d7270<br \/>\nSatin stitch flat sheet cm 180\u00d7290 | 250\u00d7290 | 270\u00d7290<\/p>\n","protected":false},"featured_media":12843,"comment_status":"open","ping_status":"closed","template":"","meta":{"_monsterinsights_skip_tracking":false,"_monsterinsights_sitenote_active":false,"_monsterinsights_sitenote_note":"","_monsterinsights_sitenote_category":0},"product_brand":[],"product_cat":[850,848],"product_tag":[],"class_list":{"0":"post-12840","1":"product","2":"type-product","3":"status-publish","4":"has-post-thumbnail","6":"product_cat-bed-linen-hy","7":"product_cat-textile-hy","8":"pa_brand-altrenotti-hy","10":"first","11":"instock","12":"shipping-taxable","13":"product-type-simple"},"yoast_head":"<!-- This site is optimized with the Yoast SEO Premium plugin v20.0 (Yoast SEO v26.2) - https:\/\/yoast.com\/wordpress\/plugins\/seo\/ -->\n<title>Bed Linen set Satin Collection Plain Colors &#8226; trivia design<\/title>\n<meta name=\"robots\" content=\"index, follow, max-snippet:-1, max-image-preview:large, max-video-preview:-1\" \/>\n<link rel=\"canonical\" href=\"https:\/\/trivia.design\/hy\/product\/bed-linen-set-satin-collection-plain-colors-2\/\" \/>\n<meta property=\"og:locale\" content=\"hy_AM\" \/>\n<meta property=\"og:type\" content=\"article\" \/>\n<meta property=\"og:title\" content=\"Bed Linen set Satin Collection Plain Colors\" \/>\n<meta property=\"og:description\" content=\"In stock available colors: Polvere In stock available sizes: Duvet cover 200*200 - 1 pcs  Fitted sheet 160*200 \u2013 1pcs  Pillow case with 3 flange 50*80 - 2 pcs  Aviable in colors: Avorio Cipria RodioTitanioCachi Ostrica Cielo Avio Acquamarina Polvere and Double Face: Avorio \/ Cielo Rodio \/ Ostrica Cipria \/ Titanio Polvere \/ Cachi Sizes: Duvet cover cm 155\u00d7200 | 200\u00d7200 | 250\u00d7200 | 270\u00d7200 Duvet cover double face cm 155\u00d7200 | 200\u00d7200 | 250\u00d7200 | 270\u00d7200 Pillow case with 3 flange cm 50\u00d780 Fitted sheet cm 90\u00d7200 | 120\u00d7200 | 140\u00d7200 | 160\u00d7200 | 180\u00d7200 | 200\u00d7200 Quilt 100 gr cm 180\u00d7270 | cm 260\u00d7270 | 280\u00d7270 Quilt 300 gr cm 180\u00d7270 | cm 260\u00d7270 | 280\u00d7270 Satin stitch flat sheet cm 180\u00d7290 | 250\u00d7290 | 270\u00d7290\" \/>\n<meta property=\"og:url\" content=\"https:\/\/trivia.design\/hy\/product\/bed-linen-set-satin-collection-plain-colors-2\/\" \/>\n<meta property=\"og:site_name\" content=\"trivia design\" \/>\n<meta property=\"article:publisher\" content=\"https:\/\/www.facebook.com\/triviayerevan\/\" \/>\n<meta property=\"article:modified_time\" content=\"2023-07-14T12:49:45+00:00\" \/>\n<meta property=\"og:image\" content=\"https:\/\/trivia.design\/wp-content\/uploads\/2023\/07\/34-35-Bed-Linen-set-Satin-Collection-Plain-Colors-featured.jpg\" \/>\n\t<meta property=\"og:image:width\" content=\"2048\" \/>\n\t<meta property=\"og:image:height\" content=\"1593\" \/>\n\t<meta property=\"og:image:type\" content=\"image\/jpeg\" \/>\n<meta name=\"twitter:card\" content=\"summary_large_image\" \/>\n<meta name=\"twitter:label1\" content=\"Est. reading time\" \/>\n\t<meta name=\"twitter:data1\" content=\"1 minute\" \/>\n<script type=\"application\/ld+json\" class=\"yoast-schema-graph\">{\"@context\":\"https:\/\/schema.org\",\"@graph\":[{\"@type\":\"WebPage\",\"@id\":\"https:\/\/trivia.design\/hy\/product\/bed-linen-set-satin-collection-plain-colors-2\/\",\"url\":\"https:\/\/trivia.design\/hy\/product\/bed-linen-set-satin-collection-plain-colors-2\/\",\"name\":\"Bed Linen set Satin Collection Plain Colors &#8226; trivia design\",\"isPartOf\":{\"@id\":\"https:\/\/trivia.design\/#website\"},\"primaryImageOfPage\":{\"@id\":\"https:\/\/trivia.design\/hy\/product\/bed-linen-set-satin-collection-plain-colors-2\/#primaryimage\"},\"image\":{\"@id\":\"https:\/\/trivia.design\/hy\/product\/bed-linen-set-satin-collection-plain-colors-2\/#primaryimage\"},\"thumbnailUrl\":\"https:\/\/trivia.design\/wp-content\/uploads\/2023\/07\/34-35-Bed-Linen-set-Satin-Collection-Plain-Colors-featured.jpg\",\"datePublished\":\"2023-07-14T12:10:42+00:00\",\"dateModified\":\"2023-07-14T12:49:45+00:00\",\"breadcrumb\":{\"@id\":\"https:\/\/trivia.design\/hy\/product\/bed-linen-set-satin-collection-plain-colors-2\/#breadcrumb\"},\"inLanguage\":\"hy-AM\",\"potentialAction\":[{\"@type\":\"ReadAction\",\"target\":[\"https:\/\/trivia.design\/hy\/product\/bed-linen-set-satin-collection-plain-colors-2\/\"]}]},{\"@type\":\"ImageObject\",\"inLanguage\":\"hy-AM\",\"@id\":\"https:\/\/trivia.design\/hy\/product\/bed-linen-set-satin-collection-plain-colors-2\/#primaryimage\",\"url\":\"https:\/\/trivia.design\/wp-content\/uploads\/2023\/07\/34-35-Bed-Linen-set-Satin-Collection-Plain-Colors-featured.jpg\",\"contentUrl\":\"https:\/\/trivia.design\/wp-content\/uploads\/2023\/07\/34-35-Bed-Linen-set-Satin-Collection-Plain-Colors-featured.jpg\",\"width\":2048,\"height\":1593},{\"@type\":\"BreadcrumbList\",\"@id\":\"https:\/\/trivia.design\/hy\/product\/bed-linen-set-satin-collection-plain-colors-2\/#breadcrumb\",\"itemListElement\":[{\"@type\":\"ListItem\",\"position\":1,\"name\":\"Home\",\"item\":\"https:\/\/trivia.design\/\"},{\"@type\":\"ListItem\",\"position\":2,\"name\":\"\u056f\u0561\u057f\u0561\u056c\u0578\u0563\",\"item\":\"https:\/\/trivia.design\/hy\/shop\/\"},{\"@type\":\"ListItem\",\"position\":3,\"name\":\"Bed Linen set Satin Collection Plain Colors\"}]},{\"@type\":\"WebSite\",\"@id\":\"https:\/\/trivia.design\/#website\",\"url\":\"https:\/\/trivia.design\/\",\"name\":\"trivia design\",\"description\":\"Detail Inspired Interiors\",\"publisher\":{\"@id\":\"https:\/\/trivia.design\/#organization\"},\"potentialAction\":[{\"@type\":\"SearchAction\",\"target\":{\"@type\":\"EntryPoint\",\"urlTemplate\":\"https:\/\/trivia.design\/?s={search_term_string}\"},\"query-input\":{\"@type\":\"PropertyValueSpecification\",\"valueRequired\":true,\"valueName\":\"search_term_string\"}}],\"inLanguage\":\"hy-AM\"},{\"@type\":\"Organization\",\"@id\":\"https:\/\/trivia.design\/#organization\",\"name\":\"trivia design\",\"url\":\"https:\/\/trivia.design\/\",\"logo\":{\"@type\":\"ImageObject\",\"inLanguage\":\"hy-AM\",\"@id\":\"https:\/\/trivia.design\/#\/schema\/logo\/image\/\",\"url\":\"https:\/\/trivia.design\/wp-content\/uploads\/2022\/08\/trivia-logo-black.svg\",\"contentUrl\":\"https:\/\/trivia.design\/wp-content\/uploads\/2022\/08\/trivia-logo-black.svg\",\"width\":841,\"height\":595,\"caption\":\"trivia design\"},\"image\":{\"@id\":\"https:\/\/trivia.design\/#\/schema\/logo\/image\/\"},\"sameAs\":[\"https:\/\/www.facebook.com\/triviayerevan\/\",\"https:\/\/www.instagram.com\/trivia_yerevan\/\"]}]}<\/script>\n<!-- \/ Yoast SEO Premium plugin. -->","yoast_head_json":{"title":"Bed Linen set Satin Collection Plain Colors &#8226; trivia design","robots":{"index":"index","follow":"follow","max-snippet":"max-snippet:-1","max-image-preview":"max-image-preview:large","max-video-preview":"max-video-preview:-1"},"canonical":"https:\/\/trivia.design\/hy\/product\/bed-linen-set-satin-collection-plain-colors-2\/","og_locale":"hy_AM","og_type":"article","og_title":"Bed Linen set Satin Collection Plain Colors","og_description":"In stock available colors: Polvere In stock available sizes: Duvet cover 200*200 - 1 pcs  Fitted sheet 160*200 \u2013 1pcs  Pillow case with 3 flange 50*80 - 2 pcs  Aviable in colors: Avorio Cipria RodioTitanioCachi Ostrica Cielo Avio Acquamarina Polvere and Double Face: Avorio \/ Cielo Rodio \/ Ostrica Cipria \/ Titanio Polvere \/ Cachi Sizes: Duvet cover cm 155\u00d7200 | 200\u00d7200 | 250\u00d7200 | 270\u00d7200 Duvet cover double face cm 155\u00d7200 | 200\u00d7200 | 250\u00d7200 | 270\u00d7200 Pillow case with 3 flange cm 50\u00d780 Fitted sheet cm 90\u00d7200 | 120\u00d7200 | 140\u00d7200 | 160\u00d7200 | 180\u00d7200 | 200\u00d7200 Quilt 100 gr cm 180\u00d7270 | cm 260\u00d7270 | 280\u00d7270 Quilt 300 gr cm 180\u00d7270 | cm 260\u00d7270 | 280\u00d7270 Satin stitch flat sheet cm 180\u00d7290 | 250\u00d7290 | 270\u00d7290","og_url":"https:\/\/trivia.design\/hy\/product\/bed-linen-set-satin-collection-plain-colors-2\/","og_site_name":"trivia design","article_publisher":"https:\/\/www.facebook.com\/triviayerevan\/","article_modified_time":"2023-07-14T12:49:45+00:00","og_image":[{"width":2048,"height":1593,"url":"https:\/\/trivia.design\/wp-content\/uploads\/2023\/07\/34-35-Bed-Linen-set-Satin-Collection-Plain-Colors-featured.jpg","type":"image\/jpeg"}],"twitter_card":"summary_large_image","twitter_misc":{"Est. reading time":"1 minute"},"schema":{"@context":"https:\/\/schema.org","@graph":[{"@type":"WebPage","@id":"https:\/\/trivia.design\/hy\/product\/bed-linen-set-satin-collection-plain-colors-2\/","url":"https:\/\/trivia.design\/hy\/product\/bed-linen-set-satin-collection-plain-colors-2\/","name":"Bed Linen set Satin Collection Plain Colors &#8226; trivia design","isPartOf":{"@id":"https:\/\/trivia.design\/#website"},"primaryImageOfPage":{"@id":"https:\/\/trivia.design\/hy\/product\/bed-linen-set-satin-collection-plain-colors-2\/#primaryimage"},"image":{"@id":"https:\/\/trivia.design\/hy\/product\/bed-linen-set-satin-collection-plain-colors-2\/#primaryimage"},"thumbnailUrl":"https:\/\/trivia.design\/wp-content\/uploads\/2023\/07\/34-35-Bed-Linen-set-Satin-Collection-Plain-Colors-featured.jpg","datePublished":"2023-07-14T12:10:42+00:00","dateModified":"2023-07-14T12:49:45+00:00","breadcrumb":{"@id":"https:\/\/trivia.design\/hy\/product\/bed-linen-set-satin-collection-plain-colors-2\/#breadcrumb"},"inLanguage":"hy-AM","potentialAction":[{"@type":"ReadAction","target":["https:\/\/trivia.design\/hy\/product\/bed-linen-set-satin-collection-plain-colors-2\/"]}]},{"@type":"ImageObject","inLanguage":"hy-AM","@id":"https:\/\/trivia.design\/hy\/product\/bed-linen-set-satin-collection-plain-colors-2\/#primaryimage","url":"https:\/\/trivia.design\/wp-content\/uploads\/2023\/07\/34-35-Bed-Linen-set-Satin-Collection-Plain-Colors-featured.jpg","contentUrl":"https:\/\/trivia.design\/wp-content\/uploads\/2023\/07\/34-35-Bed-Linen-set-Satin-Collection-Plain-Colors-featured.jpg","width":2048,"height":1593},{"@type":"BreadcrumbList","@id":"https:\/\/trivia.design\/hy\/product\/bed-linen-set-satin-collection-plain-colors-2\/#breadcrumb","itemListElement":[{"@type":"ListItem","position":1,"name":"Home","item":"https:\/\/trivia.design\/"},{"@type":"ListItem","position":2,"name":"\u056f\u0561\u057f\u0561\u056c\u0578\u0563","item":"https:\/\/trivia.design\/hy\/shop\/"},{"@type":"ListItem","position":3,"name":"Bed Linen set Satin Collection Plain Colors"}]},{"@type":"WebSite","@id":"https:\/\/trivia.design\/#website","url":"https:\/\/trivia.design\/","name":"trivia design","description":"Detail Inspired Interiors","publisher":{"@id":"https:\/\/trivia.design\/#organization"},"potentialAction":[{"@type":"SearchAction","target":{"@type":"EntryPoint","urlTemplate":"https:\/\/trivia.design\/?s={search_term_string}"},"query-input":{"@type":"PropertyValueSpecification","valueRequired":true,"valueName":"search_term_string"}}],"inLanguage":"hy-AM"},{"@type":"Organization","@id":"https:\/\/trivia.design\/#organization","name":"trivia design","url":"https:\/\/trivia.design\/","logo":{"@type":"ImageObject","inLanguage":"hy-AM","@id":"https:\/\/trivia.design\/#\/schema\/logo\/image\/","url":"https:\/\/trivia.design\/wp-content\/uploads\/2022\/08\/trivia-logo-black.svg","contentUrl":"https:\/\/trivia.design\/wp-content\/uploads\/2022\/08\/trivia-logo-black.svg","width":841,"height":595,"caption":"trivia design"},"image":{"@id":"https:\/\/trivia.design\/#\/schema\/logo\/image\/"},"sameAs":["https:\/\/www.facebook.com\/triviayerevan\/","https:\/\/www.instagram.com\/trivia_yerevan\/"]}]}},"_links":{"self":[{"href":"https:\/\/trivia.design\/hy\/wp-json\/wp\/v2\/product\/12840","targetHints":{"allow":["GET"]}}],"collection":[{"href":"https:\/\/trivia.design\/hy\/wp-json\/wp\/v2\/product"}],"about":[{"href":"https:\/\/trivia.design\/hy\/wp-json\/wp\/v2\/types\/product"}],"replies":[{"embeddable":true,"href":"https:\/\/trivia.design\/hy\/wp-json\/wp\/v2\/comments?post=12840"}],"wp:featuredmedia":[{"embeddable":true,"href":"https:\/\/trivia.design\/hy\/wp-json\/wp\/v2\/media\/12843"}],"wp:attachment":[{"href":"https:\/\/trivia.design\/hy\/wp-json\/wp\/v2\/media?parent=12840"}],"wp:term":[{"taxonomy":"product_brand","embeddable":true,"href":"https:\/\/trivia.design\/hy\/wp-json\/wp\/v2\/product_brand?post=12840"},{"taxonomy":"product_cat","embeddable":true,"href":"https:\/\/trivia.design\/hy\/wp-json\/wp\/v2\/product_cat?post=12840"},{"taxonomy":"product_tag","embeddable":true,"href":"https:\/\/trivia.design\/hy\/wp-json\/wp\/v2\/product_tag?post=12840"}],"curies":[{"name":"wp","href":"https:\/\/api.w.org\/{rel}","templated":true}]}}